{"id":5486,"date":"2023-06-20T08:04:44","date_gmt":"2023-06-20T08:04:44","guid":{"rendered":"https:\/\/cisgaz.com\/?page_id=5486"},"modified":"2023-11-28T14:24:13","modified_gmt":"2023-11-28T14:24:13","slug":"pipeline-integrity","status":"publish","type":"page","link":"https:\/\/cisgaz.com\/ro\/pipeline-integrity\/","title":{"rendered":"Integritate conducte"},"content":{"rendered":"<div data-elementor-type=\"wp-page\" data-elementor-id=\"5486\" class=\"elementor elementor-5486\">\n\t\t\t\t\t\t\t\t\t<section class=\"elementor-section elementor-top-section elementor-element elementor-element-a92cf62 elementor-section-full_width elementor-section-height-default elementor-section-height-default qodef-elementor-content-no\" data-id=\"a92cf62\" data-element_type=\"section\">\n\t\t\t\t\t\t<div class=\"elementor-container elementor-column-gap-default\">\n\t\t\t\t\t<div class=\"elementor-column elementor-col-50 elementor-top-column elementor-element elementor-element-7909c8d\" data-id=\"7909c8d\" data-element_type=\"column\" data-settings=\"{&quot;background_background&quot;:&quot;classic&quot;}\">\n\t\t\t<div class=\"elementor-widget-wrap elementor-element-populated\">\n\t\t\t\t\t\t\t\t<div class=\"elementor-element elementor-element-37e0951 elementor-widget elementor-widget-spacer\" data-id=\"37e0951\" data-element_type=\"widget\" data-widget_type=\"spacer.default\">\n\t\t\t\t<div class=\"elementor-widget-container\">\n\t\t\t<style>\/*! elementor - v3.13.3 - 28-05-2023 *\/\n.elementor-column .elementor-spacer-inner{height:var(--spacer-size)}.e-con{--container-widget-width:100%}.e-con-inner>.elementor-widget-spacer,.e-con>.elementor-widget-spacer{width:var(--container-widget-width,var(--spacer-size));--align-self:var(--container-widget-align-self,initial);--flex-shrink:0}.e-con-inner>.elementor-widget-spacer>.elementor-widget-container,.e-con-inner>.elementor-widget-spacer>.elementor-widget-container>.elementor-spacer,.e-con>.elementor-widget-spacer>.elementor-widget-container,.e-con>.elementor-widget-spacer>.elementor-widget-container>.elementor-spacer{height:100%}.e-con-inner>.elementor-widget-spacer>.elementor-widget-container>.elementor-spacer>.elementor-spacer-inner,.e-con>.elementor-widget-spacer>.elementor-widget-container>.elementor-spacer>.elementor-spacer-inner{height:var(--container-widget-height,var(--spacer-size))}<\/style>\t\t<div class=\"elementor-spacer\">\n\t\t\t<div class=\"elementor-spacer-inner\"><\/div>\n\t\t<\/div>\n\t\t\t\t<\/div>\n\t\t\t\t<\/div>\n\t\t\t\t\t<\/div>\n\t\t<\/div>\n\t\t\t\t<div class=\"elementor-column elementor-col-50 elementor-top-column elementor-element elementor-element-61b0a55\" data-id=\"61b0a55\" data-element_type=\"column\">\n\t\t\t<div class=\"elementor-widget-wrap elementor-element-populated\">\n\t\t\t\t\t\t\t\t<div class=\"elementor-element elementor-element-f25261a elementor-widget elementor-widget-stal_core_section_title\" data-id=\"f25261a\" data-element_type=\"widget\" data-widget_type=\"stal_core_section_title.default\">\n\t\t\t\t<div class=\"elementor-widget-container\">\n\t\t\t<div class=\"qodef-shortcode qodef-m  qodef-section-title qodef-alignment--left  qodef-title-with-tagline\">\n\t\t<div class=\"qodef-m-title-wrap\">\n\t        <h6 class=\"qodef-m-title-tagline\" >Integritate conducte<\/h6>\n    \t<h2 class=\"qodef-m-title\" >\n\t\t\t\t\tIntegritatea conductei \u00een fiecare etap\u0103 din ciclul de via\u021b\u0103 al conductei\t\t\t<\/h2>\n\t\n\t<\/div>\n\t<\/div>\t\t<\/div>\n\t\t\t\t<\/div>\n\t\t\t\t<div class=\"elementor-element elementor-element-858a59a elementor-widget__width-initial elementor-widget elementor-widget-text-editor\" data-id=\"858a59a\" data-element_type=\"widget\" data-widget_type=\"text-editor.default\">\n\t\t\t\t<div class=\"elementor-widget-container\">\n\t\t\t<style>\/*! elementor - v3.13.3 - 28-05-2023 *\/\n.elementor-widget-text-editor.elementor-drop-cap-view-stacked .elementor-drop-cap{background-color:#69727d;color:#fff}.elementor-widget-text-editor.elementor-drop-cap-view-framed .elementor-drop-cap{color:#69727d;border:3px solid;background-color:transparent}.elementor-widget-text-editor:not(.elementor-drop-cap-view-default) .elementor-drop-cap{margin-top:8px}.elementor-widget-text-editor:not(.elementor-drop-cap-view-default) .elementor-drop-cap-letter{width:1em;height:1em}.elementor-widget-text-editor .elementor-drop-cap{float:left;text-align:center;line-height:1;font-size:50px}.elementor-widget-text-editor .elementor-drop-cap-letter{display:inline-block}<\/style>\t\t\t\t<p>\u00cen parteneriat cu clien\u021bii \u0219i partenerii no\u0219tri, am dezvoltat o abordare integrat\u0103 a managementului integrit\u0103\u021bii conductelor \u0219i a evalu\u0103rii riscurilor. Obiectivul nostru este s\u0103 asigur\u0103m integritatea conductelor \u0219i a echipamentelor pe tot parcursul ciclului de via\u021b\u0103 al acestora, de aceea oferim solu\u021bii unice, specializate \u0219i rentabile pentru a asigura integritatea conductelor.<\/p>\t\t\t\t\t\t<\/div>\n\t\t\t\t<\/div>\n\t\t\t\t<div class=\"elementor-element elementor-element-d13c767 hide-it elementor-widget elementor-widget-stal_core_button\" data-id=\"d13c767\" data-element_type=\"widget\" data-widget_type=\"stal_core_button.default\">\n\t\t\t\t<div class=\"elementor-widget-container\">\n\t\t\t<a class=\"qodef-shortcode qodef-m  qodef-button qodef-layout--splitted  qodef-html--link\" href=\"#\" target=\"_self\"  >\r\n    <span class=\"qodef-m-text\">\r\n        Cite\u0219te mai mult        <svg class=\"qodef-m-arrowline\" xmlns=\"http:\/\/www.w3.org\/2000\/svg\" xmlns:xlink=\"http:\/\/www.w3.org\/1999\/xlink\" x=\"0px\" y=\"0px\" viewbox=\"0 0 63 20\" xml:space=\"preserve\">\n                            <line x1=\"61.6\" y1=\"10\" x2=\"61.6\" y2=\"10\"\/>\n                            <line x1=\"62\" y1=\"10\" x2=\"61.6\" y2=\"10\"\/>\n                            <line x1=\"61.6\" y1=\"10\" x2=\"1\" y2=\"10\"\/>\n                            <path d=\"M61.6,10\"\/>\n                            <line x1=\"61.6\" y1=\"10\" x2=\"61.6\" y2=\"10\"\/>\n                            <line class=\"arrow-up\" x1=\"56.7\" y1=\"5.1\" x2=\"61.6\" y2=\"10\"\/>\n                            <path d=\"M61.6,10\"\/>\n                            <line x1=\"61.6\" y1=\"10\" x2=\"61.6\" y2=\"10\"\/>\n                            <line class=\"arrow-down\" x1=\"61.6\" y1=\"10\" x2=\"56.7\" y2=\"14.9\"\/>\n                        <\/svg>    <\/span>\r\n    <span class=\"qodef-m-split qodef-split--up\"><\/span>\r\n    <span class=\"qodef-m-split qodef-split--down\"><\/span>\r\n<\/a>\r\n\t\t<\/div>\n\t\t\t\t<\/div>\n\t\t\t\t\t<\/div>\n\t\t<\/div>\n\t\t\t\t\t\t\t<\/div>\n\t\t<\/section>\n\t\t\t\t<section class=\"elementor-section elementor-top-section elementor-element elementor-element-2cca1cb elementor-section-full_width elementor-section-height-default elementor-section-height-default qodef-elementor-content-no\" data-id=\"2cca1cb\" data-element_type=\"section\">\n\t\t\t\t\t\t<div class=\"elementor-container elementor-column-gap-default\">\n\t\t\t\t\t<div class=\"elementor-column elementor-col-50 elementor-top-column elementor-element elementor-element-85131c3\" data-id=\"85131c3\" data-element_type=\"column\" data-settings=\"{&quot;background_background&quot;:&quot;classic&quot;}\">\n\t\t\t<div class=\"elementor-widget-wrap elementor-element-populated\">\n\t\t\t\t\t\t\t\t<div class=\"elementor-element elementor-element-10566e9 elementor-widget elementor-widget-stal_core_section_title\" data-id=\"10566e9\" data-element_type=\"widget\" data-widget_type=\"stal_core_section_title.default\">\n\t\t\t\t<div class=\"elementor-widget-container\">\n\t\t\t<div class=\"qodef-shortcode qodef-m  qodef-section-title qodef-alignment--left\">\n\t\t<div class=\"qodef-m-title-wrap\">\n\t\t<h6 class=\"qodef-m-title\" style=\"color: #EE0D08\">\n\t\t\t\t\tSERVICII INTEGRITATE CONDUCTE\t\t\t<\/h6>\n\t\n\t<\/div>\n\t<\/div>\t\t<\/div>\n\t\t\t\t<\/div>\n\t\t\t\t<div class=\"elementor-element elementor-element-9f02561 elementor-widget elementor-widget-stal_core_icon_list_item\" data-id=\"9f02561\" data-element_type=\"widget\" data-widget_type=\"stal_core_icon_list_item.default\">\n\t\t\t\t<div class=\"elementor-widget-container\">\n\t\t\t<div class=\"qodef-icon-list-item qodef-icon--icon-pack qodef-alignment--center\" >\n\t<p class=\"qodef-e-title\" style=\"color: #747474\">\n\t\t\t\t\t<span class=\"qodef-e-title-inner\">\n\t\t\t\t<span class=\"qodef-shortcode qodef-m  qodef-icon-holder qodef-size--default qodef-layout--normal\"  >\t        <span class=\"qodef-icon-ionicons ion-ios-square qodef-icon qodef-e\" style=\"color: #EE0D08;font-size: 10px\" ><\/span>    <\/span>\t\t\t\t<span class=\"qodef-e-title-text\" >Cur\u0103\u021barea mecanic\u0103 \u0219i inspec\u021bii<\/span>\n\t\t\t<\/span>\n\t\t\t<\/p>\n<\/div>\t\t<\/div>\n\t\t\t\t<\/div>\n\t\t\t\t<div class=\"elementor-element elementor-element-e052f8d elementor-widget elementor-widget-stal_core_icon_list_item\" data-id=\"e052f8d\" data-element_type=\"widget\" data-widget_type=\"stal_core_icon_list_item.default\">\n\t\t\t\t<div class=\"elementor-widget-container\">\n\t\t\t<div class=\"qodef-icon-list-item qodef-icon--icon-pack qodef-alignment--center\" >\n\t<p class=\"qodef-e-title\" style=\"color: #747474\">\n\t\t\t\t\t<span class=\"qodef-e-title-inner\">\n\t\t\t\t<span class=\"qodef-shortcode qodef-m  qodef-icon-holder qodef-size--default qodef-layout--normal\"  >\t        <span class=\"qodef-icon-ionicons ion-ios-square qodef-icon qodef-e\" style=\"color: #EE0D08;font-size: 10px\" ><\/span>    <\/span>\t\t\t\t<span class=\"qodef-e-title-text\" >Perforare \u0219i obturare conducte sub presiune<\/span>\n\t\t\t<\/span>\n\t\t\t<\/p>\n<\/div>\t\t<\/div>\n\t\t\t\t<\/div>\n\t\t\t\t<div class=\"elementor-element elementor-element-e7af713 elementor-widget elementor-widget-stal_core_icon_list_item\" data-id=\"e7af713\" data-element_type=\"widget\" data-widget_type=\"stal_core_icon_list_item.default\">\n\t\t\t\t<div class=\"elementor-widget-container\">\n\t\t\t<div class=\"qodef-icon-list-item qodef-icon--icon-pack qodef-alignment--center\" >\n\t<p class=\"qodef-e-title\" style=\"color: #747474\">\n\t\t\t\t\t<span class=\"qodef-e-title-inner\">\n\t\t\t\t<span class=\"qodef-shortcode qodef-m  qodef-icon-holder qodef-size--default qodef-layout--normal\"  >\t        <span class=\"qodef-icon-ionicons ion-ios-square qodef-icon qodef-e\" style=\"color: #EE0D08;font-size: 10px\" ><\/span>    <\/span>\t\t\t\t<span class=\"qodef-e-title-text\" >Relining conducte cu tehnologie RTP<\/span>\n\t\t\t<\/span>\n\t\t\t<\/p>\n<\/div>\t\t<\/div>\n\t\t\t\t<\/div>\n\t\t\t\t<div class=\"elementor-element elementor-element-c0b8898 elementor-widget elementor-widget-stal_core_icon_list_item\" data-id=\"c0b8898\" data-element_type=\"widget\" data-widget_type=\"stal_core_icon_list_item.default\">\n\t\t\t\t<div class=\"elementor-widget-container\">\n\t\t\t<div class=\"qodef-icon-list-item qodef-icon--icon-pack qodef-alignment--center\" >\n\t<p class=\"qodef-e-title\" style=\"color: #747474\">\n\t\t\t\t\t<span class=\"qodef-e-title-inner\">\n\t\t\t\t<span class=\"qodef-shortcode qodef-m  qodef-icon-holder qodef-size--default qodef-layout--normal\"  >\t        <span class=\"qodef-icon-ionicons ion-ios-square qodef-icon qodef-e\" style=\"color: #EE0D08;font-size: 10px\" ><\/span>    <\/span>\t\t\t\t<span class=\"qodef-e-title-text\" >Reabilit\u0103ri conducte<\/span>\n\t\t\t<\/span>\n\t\t\t<\/p>\n<\/div>\t\t<\/div>\n\t\t\t\t<\/div>\n\t\t\t\t<div class=\"elementor-element elementor-element-219f694 elementor-widget elementor-widget-stal_core_icon_list_item\" data-id=\"219f694\" data-element_type=\"widget\" data-widget_type=\"stal_core_icon_list_item.default\">\n\t\t\t\t<div class=\"elementor-widget-container\">\n\t\t\t<div class=\"qodef-icon-list-item qodef-icon--icon-pack qodef-alignment--center\" >\n\t<p class=\"qodef-e-title\" style=\"color: #747474\">\n\t\t\t\t\t<span class=\"qodef-e-title-inner\">\n\t\t\t\t<span class=\"qodef-shortcode qodef-m  qodef-icon-holder qodef-size--default qodef-layout--normal\"  >\t        <span class=\"qodef-icon-ionicons ion-ios-square qodef-icon qodef-e\" style=\"color: #EE0D08;font-size: 10px\" ><\/span>    <\/span>\t\t\t\t<span class=\"qodef-e-title-text\" >Reabilitarea \u0219i relocarea conductelor<\/span>\n\t\t\t<\/span>\n\t\t\t<\/p>\n<\/div>\t\t<\/div>\n\t\t\t\t<\/div>\n\t\t\t\t\t<\/div>\n\t\t<\/div>\n\t\t\t\t<div class=\"elementor-column elementor-col-50 elementor-top-column elementor-element elementor-element-8539fe7\" data-id=\"8539fe7\" data-element_type=\"column\" data-settings=\"{&quot;background_background&quot;:&quot;classic&quot;}\">\n\t\t\t<div class=\"elementor-widget-wrap elementor-element-populated\">\n\t\t\t\t\t\t\t\t<div class=\"elementor-element elementor-element-4a6b23d elementor-widget elementor-widget-spacer\" data-id=\"4a6b23d\" data-element_type=\"widget\" data-widget_type=\"spacer.default\">\n\t\t\t\t<div class=\"elementor-widget-container\">\n\t\t\t\t\t<div class=\"elementor-spacer\">\n\t\t\t<div class=\"elementor-spacer-inner\"><\/div>\n\t\t<\/div>\n\t\t\t\t<\/div>\n\t\t\t\t<\/div>\n\t\t\t\t\t<\/div>\n\t\t<\/div>\n\t\t\t\t\t\t\t<\/div>\n\t\t<\/section>\n\t\t\t\t\t\t\t<\/div>","protected":false},"excerpt":{"rendered":"<p>Pipeline integrity PIPELINE INTEGRITY THROUGHOUT THEIR LIFE CYCLE In partnership with our clients, we develop a systematic approach to pipeline integrity management and risk assessments. Our objective is to ensure the integrity of pipelines and downhole equipment throughout their life cycle, that&#8217;s why we provide unique, specialized, cost-effective solutions to ensure pipeline integrity. Read More [&hellip;]<\/p>","protected":false},"author":1,"featured_media":0,"parent":0,"menu_order":0,"comment_status":"closed","ping_status":"closed","template":"page-full-width.php","meta":{"footnotes":""},"class_list":["post-5486","page","type-page","status-publish","hentry"],"_links":{"self":[{"href":"https:\/\/cisgaz.com\/ro\/wp-json\/wp\/v2\/pages\/5486","targetHints":{"allow":["GET"]}}],"collection":[{"href":"https:\/\/cisgaz.com\/ro\/wp-json\/wp\/v2\/pages"}],"about":[{"href":"https:\/\/cisgaz.com\/ro\/wp-json\/wp\/v2\/types\/page"}],"author":[{"embeddable":true,"href":"https:\/\/cisgaz.com\/ro\/wp-json\/wp\/v2\/users\/1"}],"replies":[{"embeddable":true,"href":"https:\/\/cisgaz.com\/ro\/wp-json\/wp\/v2\/comments?post=5486"}],"version-history":[{"count":0,"href":"https:\/\/cisgaz.com\/ro\/wp-json\/wp\/v2\/pages\/5486\/revisions"}],"wp:attachment":[{"href":"https:\/\/cisgaz.com\/ro\/wp-json\/wp\/v2\/media?parent=5486"}],"curies":[{"name":"wp","href":"https:\/\/api.w.org\/{rel}","templated":true}]}}