{"id":5479,"date":"2023-06-20T07:46:57","date_gmt":"2023-06-20T07:46:57","guid":{"rendered":"https:\/\/cisgaz.com\/?page_id=5479"},"modified":"2023-11-28T14:23:57","modified_gmt":"2023-11-28T14:23:57","slug":"pipeline-construction","status":"publish","type":"page","link":"https:\/\/cisgaz.com\/ro\/pipeline-construction\/","title":{"rendered":"Construc\u021bii-montaj conducte"},"content":{"rendered":"<div data-elementor-type=\"wp-page\" data-elementor-id=\"5479\" class=\"elementor elementor-5479\">\n\t\t\t\t\t\t\t\t\t<section class=\"elementor-section elementor-top-section elementor-element elementor-element-a92cf62 elementor-section-full_width elementor-section-height-default elementor-section-height-default qodef-elementor-content-no\" data-id=\"a92cf62\" data-element_type=\"section\">\n\t\t\t\t\t\t<div class=\"elementor-container elementor-column-gap-default\">\n\t\t\t\t\t<div class=\"elementor-column elementor-col-50 elementor-top-column elementor-element elementor-element-7909c8d\" data-id=\"7909c8d\" data-element_type=\"column\" data-settings=\"{&quot;background_background&quot;:&quot;classic&quot;}\">\n\t\t\t<div class=\"elementor-widget-wrap elementor-element-populated\">\n\t\t\t\t\t\t\t\t<div class=\"elementor-element elementor-element-37e0951 elementor-widget elementor-widget-spacer\" data-id=\"37e0951\" data-element_type=\"widget\" data-widget_type=\"spacer.default\">\n\t\t\t\t<div class=\"elementor-widget-container\">\n\t\t\t<style>\/*! elementor - v3.13.3 - 28-05-2023 *\/\n.elementor-column .elementor-spacer-inner{height:var(--spacer-size)}.e-con{--container-widget-width:100%}.e-con-inner>.elementor-widget-spacer,.e-con>.elementor-widget-spacer{width:var(--container-widget-width,var(--spacer-size));--align-self:var(--container-widget-align-self,initial);--flex-shrink:0}.e-con-inner>.elementor-widget-spacer>.elementor-widget-container,.e-con-inner>.elementor-widget-spacer>.elementor-widget-container>.elementor-spacer,.e-con>.elementor-widget-spacer>.elementor-widget-container,.e-con>.elementor-widget-spacer>.elementor-widget-container>.elementor-spacer{height:100%}.e-con-inner>.elementor-widget-spacer>.elementor-widget-container>.elementor-spacer>.elementor-spacer-inner,.e-con>.elementor-widget-spacer>.elementor-widget-container>.elementor-spacer>.elementor-spacer-inner{height:var(--container-widget-height,var(--spacer-size))}<\/style>\t\t<div class=\"elementor-spacer\">\n\t\t\t<div class=\"elementor-spacer-inner\"><\/div>\n\t\t<\/div>\n\t\t\t\t<\/div>\n\t\t\t\t<\/div>\n\t\t\t\t\t<\/div>\n\t\t<\/div>\n\t\t\t\t<div class=\"elementor-column elementor-col-50 elementor-top-column elementor-element elementor-element-61b0a55\" data-id=\"61b0a55\" data-element_type=\"column\">\n\t\t\t<div class=\"elementor-widget-wrap elementor-element-populated\">\n\t\t\t\t\t\t\t\t<div class=\"elementor-element elementor-element-f25261a elementor-widget elementor-widget-stal_core_section_title\" data-id=\"f25261a\" data-element_type=\"widget\" data-widget_type=\"stal_core_section_title.default\">\n\t\t\t\t<div class=\"elementor-widget-container\">\n\t\t\t<div class=\"qodef-shortcode qodef-m  qodef-section-title qodef-alignment--left  qodef-title-with-tagline\">\n\t\t<div class=\"qodef-m-title-wrap\">\n\t        <h6 class=\"qodef-m-title-tagline\" >Construc\u021bii-montaj conducte<\/h6>\n    \t<h2 class=\"qodef-m-title\" >\n\t\t\t\t\tCONSTRC\u021aII-MONTAJ CONDUCTE CHIAR \u0218I \u00ceN CONDI\u021aII DIFICILE\t\t\t<\/h2>\n\t\n\t<\/div>\n\t<\/div>\t\t<\/div>\n\t\t\t\t<\/div>\n\t\t\t\t<div class=\"elementor-element elementor-element-858a59a elementor-widget__width-initial elementor-widget elementor-widget-text-editor\" data-id=\"858a59a\" data-element_type=\"widget\" data-widget_type=\"text-editor.default\">\n\t\t\t\t<div class=\"elementor-widget-container\">\n\t\t\t<style>\/*! elementor - v3.13.3 - 28-05-2023 *\/\n.elementor-widget-text-editor.elementor-drop-cap-view-stacked .elementor-drop-cap{background-color:#69727d;color:#fff}.elementor-widget-text-editor.elementor-drop-cap-view-framed .elementor-drop-cap{color:#69727d;border:3px solid;background-color:transparent}.elementor-widget-text-editor:not(.elementor-drop-cap-view-default) .elementor-drop-cap{margin-top:8px}.elementor-widget-text-editor:not(.elementor-drop-cap-view-default) .elementor-drop-cap-letter{width:1em;height:1em}.elementor-widget-text-editor .elementor-drop-cap{float:left;text-align:center;line-height:1;font-size:50px}.elementor-widget-text-editor .elementor-drop-cap-letter{display:inline-block}<\/style>\t\t\t\t<p>Conducte subterane \u0219i supraterane de toate dimensiunile. Conducte \u0219i instala\u021bii \u00een proiecte de infrastructur\u0103 pentru colectarea, stocarea, transportul \u0219i distribu\u021bia gazelor naturale, apei \u0219i \u021bi\u021beiului.<\/p><p>Acoperim \u00eentreg spectrul de lucr\u0103ri de inginerie \u0219i construc\u021bii \u00eencep\u00e2nd cu proiectarea, ingineria p\u00e2n\u0103 la achizi\u021bii, construc\u021bie, fabricare, instalare, testarea \u0219i punerea \u00een func\u021biune a proiectelor.<\/p><p>Totodat\u0103, dispunem de experien\u021ba necesar\u0103 pentru etapizarea \u0219i integrarea unor sisteme noi \u00een instala\u021biile existente, f\u0103r\u0103 ca opera\u021biunile curente s\u0103 fie \u00eentrerupte pe durata lucr\u0103rilor \u0219i furniz\u0103m serviciile necesare de mentenan\u021b\u0103 pentru infrastructurile existente.\n<br \/><br \/>\nBazinul de echipamente este complet adaptat provoc\u0103rii construc\u021biei conductelor, iar echipa noastr\u0103 garanteaz\u0103 precizie chiar \u0219i \u00een condi\u021bii meteorologice dificile.<\/p>\t\t\t\t\t\t<\/div>\n\t\t\t\t<\/div>\n\t\t\t\t<div class=\"elementor-element elementor-element-d13c767 hide-it elementor-widget elementor-widget-stal_core_button\" data-id=\"d13c767\" data-element_type=\"widget\" data-widget_type=\"stal_core_button.default\">\n\t\t\t\t<div class=\"elementor-widget-container\">\n\t\t\t<a class=\"qodef-shortcode qodef-m  qodef-button qodef-layout--splitted  qodef-html--link\" href=\"#\" target=\"_self\"  >\r\n    <span class=\"qodef-m-text\">\r\n        Cite\u0219te mai mult        <svg class=\"qodef-m-arrowline\" xmlns=\"http:\/\/www.w3.org\/2000\/svg\" xmlns:xlink=\"http:\/\/www.w3.org\/1999\/xlink\" x=\"0px\" y=\"0px\" viewbox=\"0 0 63 20\" xml:space=\"preserve\">\n                            <line x1=\"61.6\" y1=\"10\" x2=\"61.6\" y2=\"10\"\/>\n                            <line x1=\"62\" y1=\"10\" x2=\"61.6\" y2=\"10\"\/>\n                            <line x1=\"61.6\" y1=\"10\" x2=\"1\" y2=\"10\"\/>\n                            <path d=\"M61.6,10\"\/>\n                            <line x1=\"61.6\" y1=\"10\" x2=\"61.6\" y2=\"10\"\/>\n                            <line class=\"arrow-up\" x1=\"56.7\" y1=\"5.1\" x2=\"61.6\" y2=\"10\"\/>\n                            <path d=\"M61.6,10\"\/>\n                            <line x1=\"61.6\" y1=\"10\" x2=\"61.6\" y2=\"10\"\/>\n                            <line class=\"arrow-down\" x1=\"61.6\" y1=\"10\" x2=\"56.7\" y2=\"14.9\"\/>\n                        <\/svg>    <\/span>\r\n    <span class=\"qodef-m-split qodef-split--up\"><\/span>\r\n    <span class=\"qodef-m-split qodef-split--down\"><\/span>\r\n<\/a>\r\n\t\t<\/div>\n\t\t\t\t<\/div>\n\t\t\t\t\t<\/div>\n\t\t<\/div>\n\t\t\t\t\t\t\t<\/div>\n\t\t<\/section>\n\t\t\t\t<section class=\"elementor-section elementor-top-section elementor-element elementor-element-2cca1cb elementor-section-full_width elementor-section-height-default elementor-section-height-default qodef-elementor-content-no\" data-id=\"2cca1cb\" data-element_type=\"section\">\n\t\t\t\t\t\t<div class=\"elementor-container elementor-column-gap-default\">\n\t\t\t\t\t<div class=\"elementor-column elementor-col-50 elementor-top-column elementor-element elementor-element-85131c3\" data-id=\"85131c3\" data-element_type=\"column\" data-settings=\"{&quot;background_background&quot;:&quot;classic&quot;}\">\n\t\t\t<div class=\"elementor-widget-wrap elementor-element-populated\">\n\t\t\t\t\t\t\t\t<div class=\"elementor-element elementor-element-10566e9 elementor-widget elementor-widget-stal_core_section_title\" data-id=\"10566e9\" data-element_type=\"widget\" data-widget_type=\"stal_core_section_title.default\">\n\t\t\t\t<div class=\"elementor-widget-container\">\n\t\t\t<div class=\"qodef-shortcode qodef-m  qodef-section-title qodef-alignment--left\">\n\t\t<div class=\"qodef-m-title-wrap\">\n\t\t<h6 class=\"qodef-m-title\" style=\"color: #EE0D08\">\n\t\t\t\t\tEPCC \/ CONSTRUC\u021aII-MONTAJ CONDUCTE\t\t\t<\/h6>\n\t\n\t<\/div>\n\t<\/div>\t\t<\/div>\n\t\t\t\t<\/div>\n\t\t\t\t<div class=\"elementor-element elementor-element-9f02561 elementor-widget elementor-widget-stal_core_icon_list_item\" data-id=\"9f02561\" data-element_type=\"widget\" data-widget_type=\"stal_core_icon_list_item.default\">\n\t\t\t\t<div class=\"elementor-widget-container\">\n\t\t\t<div class=\"qodef-icon-list-item qodef-icon--icon-pack qodef-alignment--center\" >\n\t<p class=\"qodef-e-title\" style=\"color: #747474\">\n\t\t\t\t\t<span class=\"qodef-e-title-inner\">\n\t\t\t\t<span class=\"qodef-shortcode qodef-m  qodef-icon-holder qodef-size--default qodef-layout--normal\"  >\t        <span class=\"qodef-icon-ionicons ion-ios-square qodef-icon qodef-e\" style=\"color: #EE0D08;font-size: 10px\" ><\/span>    <\/span>\t\t\t\t<span class=\"qodef-e-title-text\" >Sistem conducte colectare \u021bi\u021bei \u0219i gaze<\/span>\n\t\t\t<\/span>\n\t\t\t<\/p>\n<\/div>\t\t<\/div>\n\t\t\t\t<\/div>\n\t\t\t\t<div class=\"elementor-element elementor-element-e052f8d elementor-widget elementor-widget-stal_core_icon_list_item\" data-id=\"e052f8d\" data-element_type=\"widget\" data-widget_type=\"stal_core_icon_list_item.default\">\n\t\t\t\t<div class=\"elementor-widget-container\">\n\t\t\t<div class=\"qodef-icon-list-item qodef-icon--icon-pack qodef-alignment--center\" >\n\t<p class=\"qodef-e-title\" style=\"color: #747474\">\n\t\t\t\t\t<span class=\"qodef-e-title-inner\">\n\t\t\t\t<span class=\"qodef-shortcode qodef-m  qodef-icon-holder qodef-size--default qodef-layout--normal\"  >\t        <span class=\"qodef-icon-ionicons ion-ios-square qodef-icon qodef-e\" style=\"color: #EE0D08;font-size: 10px\" ><\/span>    <\/span>\t\t\t\t<span class=\"qodef-e-title-text\" >Conducte transport \u0219i distribu\u021bie gaze<\/span>\n\t\t\t<\/span>\n\t\t\t<\/p>\n<\/div>\t\t<\/div>\n\t\t\t\t<\/div>\n\t\t\t\t<div class=\"elementor-element elementor-element-e7af713 elementor-widget elementor-widget-stal_core_icon_list_item\" data-id=\"e7af713\" data-element_type=\"widget\" data-widget_type=\"stal_core_icon_list_item.default\">\n\t\t\t\t<div class=\"elementor-widget-container\">\n\t\t\t<div class=\"qodef-icon-list-item qodef-icon--icon-pack qodef-alignment--center\" >\n\t<p class=\"qodef-e-title\" style=\"color: #747474\">\n\t\t\t\t\t<span class=\"qodef-e-title-inner\">\n\t\t\t\t<span class=\"qodef-shortcode qodef-m  qodef-icon-holder qodef-size--default qodef-layout--normal\"  >\t        <span class=\"qodef-icon-ionicons ion-ios-square qodef-icon qodef-e\" style=\"color: #EE0D08;font-size: 10px\" ><\/span>    <\/span>\t\t\t\t<span class=\"qodef-e-title-text\" >Instala\u0163ii Tehnologice de Suprafa\u0163\u0103<\/span>\n\t\t\t<\/span>\n\t\t\t<\/p>\n<\/div>\t\t<\/div>\n\t\t\t\t<\/div>\n\t\t\t\t<div class=\"elementor-element elementor-element-c0b8898 elementor-widget elementor-widget-stal_core_icon_list_item\" data-id=\"c0b8898\" data-element_type=\"widget\" data-widget_type=\"stal_core_icon_list_item.default\">\n\t\t\t\t<div class=\"elementor-widget-container\">\n\t\t\t<div class=\"qodef-icon-list-item qodef-icon--icon-pack qodef-alignment--center\" >\n\t<p class=\"qodef-e-title\" style=\"color: #747474\">\n\t\t\t\t\t<span class=\"qodef-e-title-inner\">\n\t\t\t\t<span class=\"qodef-shortcode qodef-m  qodef-icon-holder qodef-size--default qodef-layout--normal\"  >\t        <span class=\"qodef-icon-ionicons ion-ios-square qodef-icon qodef-e\" style=\"color: #EE0D08;font-size: 10px\" ><\/span>    <\/span>\t\t\t\t<span class=\"qodef-e-title-text\" >Sta\u021bii pentru m\u0103surarea \u0219i controlul gazelor<\/span>\n\t\t\t<\/span>\n\t\t\t<\/p>\n<\/div>\t\t<\/div>\n\t\t\t\t<\/div>\n\t\t\t\t<div class=\"elementor-element elementor-element-219f694 elementor-widget elementor-widget-stal_core_icon_list_item\" data-id=\"219f694\" data-element_type=\"widget\" data-widget_type=\"stal_core_icon_list_item.default\">\n\t\t\t\t<div class=\"elementor-widget-container\">\n\t\t\t<div class=\"qodef-icon-list-item qodef-icon--icon-pack qodef-alignment--center\" >\n\t<p class=\"qodef-e-title\" style=\"color: #747474\">\n\t\t\t\t\t<span class=\"qodef-e-title-inner\">\n\t\t\t\t<span class=\"qodef-shortcode qodef-m  qodef-icon-holder qodef-size--default qodef-layout--normal\"  >\t        <span class=\"qodef-icon-ionicons ion-ios-square qodef-icon qodef-e\" style=\"color: #EE0D08;font-size: 10px\" ><\/span>    <\/span>\t\t\t\t<span class=\"qodef-e-title-text\" >Sta\u021bii de Comprimare Gaze Naturale<\/span>\n\t\t\t<\/span>\n\t\t\t<\/p>\n<\/div>\t\t<\/div>\n\t\t\t\t<\/div>\n\t\t\t\t\t<\/div>\n\t\t<\/div>\n\t\t\t\t<div class=\"elementor-column elementor-col-50 elementor-top-column elementor-element elementor-element-8539fe7\" data-id=\"8539fe7\" data-element_type=\"column\" data-settings=\"{&quot;background_background&quot;:&quot;classic&quot;}\">\n\t\t\t<div class=\"elementor-widget-wrap elementor-element-populated\">\n\t\t\t\t\t\t\t\t<div class=\"elementor-element elementor-element-4a6b23d elementor-widget elementor-widget-spacer\" data-id=\"4a6b23d\" data-element_type=\"widget\" data-widget_type=\"spacer.default\">\n\t\t\t\t<div class=\"elementor-widget-container\">\n\t\t\t\t\t<div class=\"elementor-spacer\">\n\t\t\t<div class=\"elementor-spacer-inner\"><\/div>\n\t\t<\/div>\n\t\t\t\t<\/div>\n\t\t\t\t<\/div>\n\t\t\t\t\t<\/div>\n\t\t<\/div>\n\t\t\t\t\t\t\t<\/div>\n\t\t<\/section>\n\t\t\t\t\t\t\t<\/div>","protected":false},"excerpt":{"rendered":"<p>Pipeline construction PIPELINE CONSTRUCTION EVEN UNDER DIFFICULT CONDITIONS Underground pipelines of all nominal sizes and dimensions. State-of-the-art equipment and machinery. Committed, safety-conscious and highly trained employees. Starting with district heating pipelines, which run from the combined heat and power plant directly to the end user, to construction of gas storage facilities and distribution stations, to [&hellip;]<\/p>","protected":false},"author":1,"featured_media":0,"parent":0,"menu_order":0,"comment_status":"closed","ping_status":"closed","template":"page-full-width.php","meta":{"footnotes":""},"class_list":["post-5479","page","type-page","status-publish","hentry"],"_links":{"self":[{"href":"https:\/\/cisgaz.com\/ro\/wp-json\/wp\/v2\/pages\/5479","targetHints":{"allow":["GET"]}}],"collection":[{"href":"https:\/\/cisgaz.com\/ro\/wp-json\/wp\/v2\/pages"}],"about":[{"href":"https:\/\/cisgaz.com\/ro\/wp-json\/wp\/v2\/types\/page"}],"author":[{"embeddable":true,"href":"https:\/\/cisgaz.com\/ro\/wp-json\/wp\/v2\/users\/1"}],"replies":[{"embeddable":true,"href":"https:\/\/cisgaz.com\/ro\/wp-json\/wp\/v2\/comments?post=5479"}],"version-history":[{"count":0,"href":"https:\/\/cisgaz.com\/ro\/wp-json\/wp\/v2\/pages\/5479\/revisions"}],"wp:attachment":[{"href":"https:\/\/cisgaz.com\/ro\/wp-json\/wp\/v2\/media?parent=5479"}],"curies":[{"name":"wp","href":"https:\/\/api.w.org\/{rel}","templated":true}]}}